{"id":643,"date":"2022-12-06T15:59:37","date_gmt":"2022-12-06T14:59:37","guid":{"rendered":"https:\/\/www.lgt.tf.fau.de\/?page_id=643"},"modified":"2026-01-23T11:59:39","modified_gmt":"2026-01-23T10:59:39","slug":"contact-location","status":"publish","type":"page","link":"https:\/\/www.lgt.tf.fau.de\/en\/chair\/contact-location\/","title":{"rendered":"Contact and Location"},"content":{"rendered":"\n<h2 class=\"wp-block-heading\">Contact<\/h2>\n\n\n\n<p>If you would like to contact us, please visit our website <a href=\"https:\/\/www.lgt.tf.fau.de\/en\/chair\/team\/\" target=\"_blank\" rel=\"noreferrer noopener\">Team<\/a>. There, you can find all our employees&#8217; contact details.<\/p>\n\n\n\n<p>For general questions, please contact our<\/p>\n\n\n\n<p>Secretariat: &nbsp;<a href=\"mailto:lgt-sekretariat@fau.de\">lgt-sekretariat@fau.de<\/a><\/p>\n\n\n\n<p>Project Management: <a href=\"mailto:annette.bilgram@fau.de\">annette.bilgram@fau.de<\/a><\/p>\n\n\n\n<h2 class=\"wp-block-heading\">Location<\/h2>\n\n\n\n<p><strong>Friedrich-Alexander-Universit\u00e4t Erlangen-N\u00fcrnberg<\/strong><\/p>\n\n\n\n<p>Chair of Casting Technology<br>Dr.-Mack-Str. 81<\/p>\n\n\n\n<p>90762 F\u00fcrth<\/p>\n\n\n\n<p><div class=\"fau-oembed\" id=\"4aa689abd3bf6fd4860c12f5a73df263\"><iframe loading=\"lazy\" title=\"FAU-Karte\" src=\"https:\/\/karte.fau.de\/#19\/49.46911\/11.00980\" class=\"fau-karte defaultwidth\" width=\"970\" height=\"545\" seamless><p>Diese Inhalte wurden von fau.karte.de in Form eines Frames eingebunden. Um direkt auf die Karte zuzugreifen, folgen Sie dem folgenden Link: <a href=\"https:\/\/karte.fau.de\/#19\/49.46911\/11.00980\">https:\/\/karte.fau.de\/#19\/49.46911\/11.00980<\/a><\/p><\/iframe><\/div><\/p>\n\n\n\n<p><strong>The Chair of Casting&nbsp;Technology is located on the second floor of the Technikum 1<\/strong><strong>.<\/strong><\/p>\n\n\n\n<p>If you arrive by car and are looking for a parking spot as a visitor, please check out our spots at the parking lot closeby:<\/p>\n\n\n\n<figure class=\"wp-block-image is-style-large has-overlay\"><div class=\"image-wrapper\"><img loading=\"lazy\" decoding=\"async\" src=\"https:\/\/www.lgt.tf.fau.de\/files\/2024\/10\/Stellplaetze-auf-Parkplatz.png\" alt=\"map of parking spots\" class=\"wp-image-811\" srcset=\"https:\/\/www.lgt.tf.fau.de\/files\/2024\/10\/Stellplaetze-auf-Parkplatz.png 586w, https:\/\/www.lgt.tf.fau.de\/files\/2024\/10\/Stellplaetze-auf-Parkplatz-300x198.png 300w, https:\/\/www.lgt.tf.fau.de\/files\/2024\/10\/Stellplaetze-auf-Parkplatz-140x92.png 140w, https:\/\/www.lgt.tf.fau.de\/files\/2024\/10\/Stellplaetze-auf-Parkplatz-363x240.png 363w, https:\/\/www.lgt.tf.fau.de\/files\/2024\/10\/Stellplaetze-auf-Parkplatz-480x317.png 480w\" \/><button class=\"image-fullscreen-btn\" onclick=\"openImageFullscreen('https:\/\/www.lgt.tf.fau.de\/files\/2024\/10\/Stellplaetze-auf-Parkplatz.png')\">\u26f6<\/button><\/div><\/figure>\n","protected":false},"excerpt":{"rendered":"<p>Contact If you would like to contact us, please visit our website Team. There, you can find all our employees&#8217; contact details. For general questions, please contact our Secretariat: &nbsp;lgt-sekretariat@fau.de Project Management: annette.bilgram@fau.de Location Friedrich-Alexander-Universit\u00e4t Erlangen-N\u00fcrnberg Chair of Casting TechnologyDr.-Mack-Str. 81 90762 F\u00fcrth Diese Inhalte wurden von fau.karte.de in Form eines Frames eingebunden. Um direkt [&hellip;]<\/p>\n","protected":false},"author":886,"featured_media":509,"parent":372,"menu_order":4,"comment_status":"closed","ping_status":"closed","template":"","meta":{"_rrze_cache":"enabled","_rrze_multilang_single_locale":"en_GB","_rrze_multilang_single_source":"https:\/\/www.lgt.tf.fau.de\/?page_id=53","footnotes":""},"page_category":[],"page_tag":[],"workflow_usergroup":[],"class_list":["post-643","page","type-page","status-publish","has-post-thumbnail","hentry","en-GB"],"_links":{"self":[{"href":"https:\/\/www.lgt.tf.fau.de\/wp-json\/wp\/v2\/pages\/643","targetHints":{"allow":["GET"]}}],"collection":[{"href":"https:\/\/www.lgt.tf.fau.de\/wp-json\/wp\/v2\/pages"}],"about":[{"href":"https:\/\/www.lgt.tf.fau.de\/wp-json\/wp\/v2\/types\/page"}],"author":[{"embeddable":true,"href":"https:\/\/www.lgt.tf.fau.de\/wp-json\/wp\/v2\/users\/886"}],"replies":[{"embeddable":true,"href":"https:\/\/www.lgt.tf.fau.de\/wp-json\/wp\/v2\/comments?post=643"}],"version-history":[{"count":10,"href":"https:\/\/www.lgt.tf.fau.de\/wp-json\/wp\/v2\/pages\/643\/revisions"}],"predecessor-version":[{"id":1356,"href":"https:\/\/www.lgt.tf.fau.de\/wp-json\/wp\/v2\/pages\/643\/revisions\/1356"}],"up":[{"embeddable":true,"href":"https:\/\/www.lgt.tf.fau.de\/wp-json\/wp\/v2\/pages\/372"}],"wp:featuredmedia":[{"embeddable":true,"href":"https:\/\/www.lgt.tf.fau.de\/wp-json\/wp\/v2\/media\/509"}],"wp:attachment":[{"href":"https:\/\/www.lgt.tf.fau.de\/wp-json\/wp\/v2\/media?parent=643"}],"wp:term":[{"taxonomy":"page_category","embeddable":true,"href":"https:\/\/www.lgt.tf.fau.de\/wp-json\/wp\/v2\/page_category?post=643"},{"taxonomy":"page_tag","embeddable":true,"href":"https:\/\/www.lgt.tf.fau.de\/wp-json\/wp\/v2\/page_tag?post=643"},{"taxonomy":"workflow_usergroup","embeddable":true,"href":"https:\/\/www.lgt.tf.fau.de\/wp-json\/wp\/v2\/workflow_usergroup?post=643"}],"curies":[{"name":"wp","href":"https:\/\/api.w.org\/{rel}","templated":true}]}}